{"id":11924,"date":"2023-08-29T10:37:10","date_gmt":"2023-08-29T07:37:10","guid":{"rendered":"https:\/\/www.opdrsemihyaman.com\/?page_id=11924"},"modified":"2025-12-12T14:36:40","modified_gmt":"2025-12-12T11:36:40","slug":"hakkimizda","status":"publish","type":"page","link":"https:\/\/www.opdrsemihyaman.com\/en\/hakkimizda\/","title":{"rendered":"About Us"},"content":{"rendered":"<div data-elementor-type=\"wp-page\" data-elementor-id=\"11924\" class=\"elementor elementor-11924\">\n\t\t\t\t\t\t<section class=\"elementor-section elementor-top-section elementor-element elementor-element-f287058 elementor-section-full_width elementor-section-height-min-height elementor-section-stretched elementor-section-height-default elementor-section-items-middle tp-parallax-no\" data-id=\"f287058\" data-element_type=\"section\" data-e-type=\"section\" data-settings=\"{&quot;stretch_section&quot;:&quot;section-stretched&quot;,&quot;tp_sticky_sec_effect_enable&quot;:false}\">\n\t\t\t\t\t\t\t<div class=\"elementor-background-overlay\"><\/div>\n\t\t\t\t\t\t\t<div class=\"elementor-container elementor-column-gap-default\">\n\t\t\t\t\t<div class=\"elementor-column elementor-col-100 elementor-top-column elementor-element elementor-element-1d74012\" data-id=\"1d74012\" data-element_type=\"column\" data-e-type=\"column\" data-settings=\"{&quot;tp_sticky_col_effect_enable&quot;:false}\">\n\t\t\t<div class=\"elementor-widget-wrap elementor-element-populated\">\n\t\t\t\t\t\t<div class=\"elementor-element elementor-element-7eb2326f animated-slow elementor-invisible elementor-widget elementor-widget-premium-addon-title\" data-id=\"7eb2326f\" data-element_type=\"widget\" data-e-type=\"widget\" data-settings=\"{&quot;shining_animation_duration&quot;:4,&quot;_animation&quot;:&quot;fadeIn&quot;,&quot;_animation_delay&quot;:200}\" data-widget_type=\"premium-addon-title.default\">\n\t\t\t\t<div class=\"elementor-widget-container\">\n\t\t\t\t\t\r\n\t\t<div class=\"premium-title-container style8\">\r\n\t\t\t<h1 class=\"premium-title-header premium-title-style8\">\r\n\t\t\t\t\r\n\t\t\t\t\r\n\t\t\t\t\t\t\t\t\t\t\t\t<span class=\"premium-title-text\" data-shiny-delay=\"1\" data-shiny-dur=\"4\" >\r\n\t\t\t\t\tAbout Us\t\t\t\t<\/span>\r\n\t\t\t\t\t\r\n\t\t\t\t\t\t\t\t\t\t\t<\/h1>\r\n\t\t<\/div>\r\n\r\n\t\t\t\t\t\t<\/div>\n\t\t\t\t<\/div>\n\t\t\t\t\t<\/div>\n\t\t<\/div>\n\t\t\t\t\t<\/div>\n\t\t<\/section>\n\t\t\t\t<section class=\"elementor-section elementor-top-section elementor-element elementor-element-d3b61c9 elementor-section-boxed elementor-section-height-default elementor-section-height-default tp-parallax-no\" data-id=\"d3b61c9\" data-element_type=\"section\" data-e-type=\"section\" data-settings=\"{&quot;tp_sticky_sec_effect_enable&quot;:false}\">\n\t\t\t\t\t\t<div class=\"elementor-container elementor-column-gap-default\">\n\t\t\t\t\t<div class=\"elementor-column elementor-col-100 elementor-top-column elementor-element elementor-element-459d156\" data-id=\"459d156\" data-element_type=\"column\" data-e-type=\"column\" data-settings=\"{&quot;tp_sticky_col_effect_enable&quot;:false}\">\n\t\t\t<div class=\"elementor-widget-wrap elementor-element-populated\">\n\t\t\t\t\t\t<section class=\"elementor-section elementor-inner-section elementor-element elementor-element-36d57e7 elementor-section-boxed elementor-section-height-default elementor-section-height-default tp-parallax-no\" data-id=\"36d57e7\" data-element_type=\"section\" data-e-type=\"section\" data-settings=\"{&quot;tp_sticky_sec_effect_enable&quot;:false}\">\n\t\t\t\t\t\t<div class=\"elementor-container elementor-column-gap-default\">\n\t\t\t\t\t<div class=\"elementor-column elementor-col-50 elementor-inner-column elementor-element elementor-element-cdf5b47\" data-id=\"cdf5b47\" data-element_type=\"column\" data-e-type=\"column\" data-settings=\"{&quot;tp_sticky_col_effect_enable&quot;:false}\">\n\t\t\t<div class=\"elementor-widget-wrap elementor-element-populated\">\n\t\t\t\t\t\t<div class=\"elementor-element elementor-element-07dd9ae elementor-widget elementor-widget-image\" data-id=\"07dd9ae\" data-element_type=\"widget\" data-e-type=\"widget\" data-widget_type=\"image.default\">\n\t\t\t\t<div class=\"elementor-widget-container\">\n\t\t\t\t\t\t\t\t\t\t\t\t\t\t\t<img fetchpriority=\"high\" decoding=\"async\" width=\"682\" height=\"1024\" src=\"https:\/\/www.opdrsemihyaman.com\/wp-content\/uploads\/2022\/07\/WhatsApp-Image-2022-07-13-at-09.41.12-682x1024.jpeg\" class=\"attachment-large size-large wp-image-11109\" alt=\"\" srcset=\"https:\/\/www.opdrsemihyaman.com\/wp-content\/uploads\/2022\/07\/WhatsApp-Image-2022-07-13-at-09.41.12-682x1024.jpeg 682w, https:\/\/www.opdrsemihyaman.com\/wp-content\/uploads\/2022\/07\/WhatsApp-Image-2022-07-13-at-09.41.12-200x300.jpeg 200w, https:\/\/www.opdrsemihyaman.com\/wp-content\/uploads\/2022\/07\/WhatsApp-Image-2022-07-13-at-09.41.12-768x1153.jpeg 768w, https:\/\/www.opdrsemihyaman.com\/wp-content\/uploads\/2022\/07\/WhatsApp-Image-2022-07-13-at-09.41.12-1023x1536.jpeg 1023w, https:\/\/www.opdrsemihyaman.com\/wp-content\/uploads\/2022\/07\/WhatsApp-Image-2022-07-13-at-09.41.12-8x12.jpeg 8w, https:\/\/www.opdrsemihyaman.com\/wp-content\/uploads\/2022\/07\/WhatsApp-Image-2022-07-13-at-09.41.12-97x146.jpeg 97w, https:\/\/www.opdrsemihyaman.com\/wp-content\/uploads\/2022\/07\/WhatsApp-Image-2022-07-13-at-09.41.12-33x50.jpeg 33w, https:\/\/www.opdrsemihyaman.com\/wp-content\/uploads\/2022\/07\/WhatsApp-Image-2022-07-13-at-09.41.12-50x75.jpeg 50w, https:\/\/www.opdrsemihyaman.com\/wp-content\/uploads\/2022\/07\/WhatsApp-Image-2022-07-13-at-09.41.12.jpeg 1066w\" sizes=\"(max-width: 682px) 100vw, 682px\" \/>\t\t\t\t\t\t\t\t\t\t\t\t\t\t\t<\/div>\n\t\t\t\t<\/div>\n\t\t\t\t\t<\/div>\n\t\t<\/div>\n\t\t\t\t<div class=\"elementor-column elementor-col-50 elementor-inner-column elementor-element elementor-element-1139021\" data-id=\"1139021\" data-element_type=\"column\" data-e-type=\"column\" data-settings=\"{&quot;tp_sticky_col_effect_enable&quot;:false}\">\n\t\t\t<div class=\"elementor-widget-wrap elementor-element-populated\">\n\t\t\t\t\t\t<div class=\"elementor-element elementor-element-cbe12dc elementor-widget elementor-widget-text-editor\" data-id=\"cbe12dc\" data-element_type=\"widget\" data-e-type=\"widget\" data-widget_type=\"text-editor.default\">\n\t\t\t\t<div class=\"elementor-widget-container\">\n\t\t\t\t\t\t\t\t\t<div class=\"elementor-element elementor-element-29e672f elementor-widget elementor-widget-text-editor\" data-id=\"29e672f\" data-element_type=\"widget\" data-widget_type=\"text-editor.default\"><div class=\"elementor-widget-container\"><h3><span style=\"letter-spacing: 0px;\"><span style=\"color: #333399;\">Education<\/span><\/span><\/h3><\/div><\/div><div class=\"elementor-element elementor-element-65a8c92 elementor-widget elementor-widget-text-editor\" data-id=\"65a8c92\" data-element_type=\"widget\" data-widget_type=\"text-editor.default\"><div class=\"elementor-widget-container\"><ul><li>2012-2017 Bolu Abant Izzet Baysal \u00dcniversitesi T\u0131p Fak\u00fcltesi\u00a0Genel cerrahi PHD<\/li><li>2005-2011 Bolu Abant Izzet Baysal \u00dcniversitesi Faculty of Medicine\u00a0<\/li><\/ul><\/div><\/div><div class=\"elementor-element elementor-element-32c06e9 elementor-widget elementor-widget-heading\" data-id=\"32c06e9\" data-element_type=\"widget\" data-widget_type=\"heading.default\"><div class=\"elementor-widget-container\"><h3 class=\"elementor-heading-title elementor-size-default\"><span style=\"color: #333399;\">Work Experience<\/span><\/h3><\/div><\/div><div class=\"elementor-element elementor-element-88222e7 elementor-widget elementor-widget-text-editor\" data-id=\"88222e7\" data-element_type=\"widget\" data-widget_type=\"text-editor.default\"><div class=\"elementor-widget-container\"><ul><li>\u00a0VM Medical Park Hastanesi 2021<br \/>Sant\u00e9 Aesthetics and Beauty Center, Founder 2019<\/li><li>Bolu Izzet Baysal State Hospital, General Surgeon\n2018-2021<br \/>2018-2021<\/li><\/ul><\/div><\/div>\t\t\t\t\t\t\t\t<\/div>\n\t\t\t\t<\/div>\n\t\t\t\t\t<\/div>\n\t\t<\/div>\n\t\t\t\t\t<\/div>\n\t\t<\/section>\n\t\t\t\t\t<\/div>\n\t\t<\/div>\n\t\t\t\t\t<\/div>\n\t\t<\/section>\n\t\t\t\t<\/div>","protected":false},"excerpt":{"rendered":"<p>Hakk\u0131m\u0131zda Egitim Bilgileri 2012-2017 Bolu Abant Izzet Baysal \u00dcniversitesi T\u0131p Fak\u00fcltesi\u00a0Genel cerrahi PHD 2005-2011 Bolu Abant Izzet Baysal \u00dcniversitesi T\u0131p Fak\u00fcltesi\u00a0 \u00c7al\u0131\u015fma Hayat\u0131 \u00a0VM Medical Park<span class=\"excerpt-hellip\"> [\u2026]<\/span><\/p>\n","protected":false},"author":3,"featured_media":0,"parent":0,"menu_order":0,"comment_status":"closed","ping_status":"closed","template":"elementor_header_footer","meta":{"footnotes":""},"class_list":["post-11924","page","type-page","status-publish","hentry"],"_links":{"self":[{"href":"https:\/\/www.opdrsemihyaman.com\/en\/wp-json\/wp\/v2\/pages\/11924","targetHints":{"allow":["GET"]}}],"collection":[{"href":"https:\/\/www.opdrsemihyaman.com\/en\/wp-json\/wp\/v2\/pages"}],"about":[{"href":"https:\/\/www.opdrsemihyaman.com\/en\/wp-json\/wp\/v2\/types\/page"}],"author":[{"embeddable":true,"href":"https:\/\/www.opdrsemihyaman.com\/en\/wp-json\/wp\/v2\/users\/3"}],"replies":[{"embeddable":true,"href":"https:\/\/www.opdrsemihyaman.com\/en\/wp-json\/wp\/v2\/comments?post=11924"}],"version-history":[{"count":24,"href":"https:\/\/www.opdrsemihyaman.com\/en\/wp-json\/wp\/v2\/pages\/11924\/revisions"}],"predecessor-version":[{"id":12128,"href":"https:\/\/www.opdrsemihyaman.com\/en\/wp-json\/wp\/v2\/pages\/11924\/revisions\/12128"}],"wp:attachment":[{"href":"https:\/\/www.opdrsemihyaman.com\/en\/wp-json\/wp\/v2\/media?parent=11924"}],"curies":[{"name":"wp","href":"https:\/\/api.w.org\/{rel}","templated":true}]}}