{"id":11980,"date":"2023-08-31T11:52:13","date_gmt":"2023-08-31T08:52:13","guid":{"rendered":"https:\/\/www.opdrsemihyaman.com\/?page_id=11980"},"modified":"2023-08-31T11:53:28","modified_gmt":"2023-08-31T08:53:28","slug":"genel-cerrahi","status":"publish","type":"page","link":"https:\/\/www.opdrsemihyaman.com\/en\/genel-cerrahi\/","title":{"rendered":"General Surgery"},"content":{"rendered":"<div data-elementor-type=\"wp-page\" data-elementor-id=\"11980\" class=\"elementor elementor-11980\">\n\t\t\t\t\t\t<section class=\"elementor-section elementor-top-section elementor-element elementor-element-63662adc elementor-section-full_width elementor-section-height-min-height elementor-section-stretched elementor-section-height-default elementor-section-items-middle tp-parallax-no\" data-id=\"63662adc\" data-element_type=\"section\" data-e-type=\"section\" data-settings=\"{&quot;stretch_section&quot;:&quot;section-stretched&quot;,&quot;tp_sticky_sec_effect_enable&quot;:false}\">\n\t\t\t\t\t\t\t<div class=\"elementor-background-overlay\"><\/div>\n\t\t\t\t\t\t\t<div class=\"elementor-container elementor-column-gap-default\">\n\t\t\t\t\t<div class=\"elementor-column elementor-col-100 elementor-top-column elementor-element elementor-element-cbb634a\" data-id=\"cbb634a\" data-element_type=\"column\" data-e-type=\"column\" data-settings=\"{&quot;tp_sticky_col_effect_enable&quot;:false}\">\n\t\t\t<div class=\"elementor-widget-wrap elementor-element-populated\">\n\t\t\t\t\t\t<div class=\"elementor-element elementor-element-3565bc2e animated-slow elementor-invisible elementor-widget elementor-widget-premium-addon-title\" data-id=\"3565bc2e\" data-element_type=\"widget\" data-e-type=\"widget\" data-settings=\"{&quot;shining_animation_duration&quot;:4,&quot;_animation&quot;:&quot;fadeIn&quot;,&quot;_animation_delay&quot;:200}\" data-widget_type=\"premium-addon-title.default\">\n\t\t\t\t<div class=\"elementor-widget-container\">\n\t\t\t\t\t\r\n\t\t<div class=\"premium-title-container style8\">\r\n\t\t\t<h1 class=\"premium-title-header premium-title-style8\">\r\n\t\t\t\t\r\n\t\t\t\t\r\n\t\t\t\t\t\t\t\t\t\t\t\t<span class=\"premium-title-text\" data-shiny-delay=\"1\" data-shiny-dur=\"4\" >\r\n\t\t\t\t\tGeneral Surgery\t\t\t\t<\/span>\r\n\t\t\t\t\t\r\n\t\t\t\t\t\t\t\t\t\t\t<\/h1>\r\n\t\t<\/div>\r\n\r\n\t\t\t\t\t\t<\/div>\n\t\t\t\t<\/div>\n\t\t\t\t\t<\/div>\n\t\t<\/div>\n\t\t\t\t\t<\/div>\n\t\t<\/section>\n\t\t\t\t<section class=\"elementor-section elementor-top-section elementor-element elementor-element-dff3e19 elementor-section-boxed elementor-section-height-default elementor-section-height-default tp-parallax-no\" data-id=\"dff3e19\" data-element_type=\"section\" data-e-type=\"section\" data-settings=\"{&quot;tp_sticky_sec_effect_enable&quot;:false}\">\n\t\t\t\t\t\t<div class=\"elementor-container elementor-column-gap-default\">\n\t\t\t\t\t<div class=\"elementor-column elementor-col-100 elementor-top-column elementor-element elementor-element-8cc3cd3\" data-id=\"8cc3cd3\" data-element_type=\"column\" data-e-type=\"column\" data-settings=\"{&quot;tp_sticky_col_effect_enable&quot;:false}\">\n\t\t\t<div class=\"elementor-widget-wrap elementor-element-populated\">\n\t\t\t\t\t\t<div class=\"elementor-element elementor-element-9594eb2 elementor-widget elementor-widget-text-editor\" data-id=\"9594eb2\" data-element_type=\"widget\" data-e-type=\"widget\" data-widget_type=\"text-editor.default\">\n\t\t\t\t<div class=\"elementor-widget-container\">\n\t\t\t\t\t\t\t\t\t<h1>What is General Surgery?<\/h1>\n<p>General surgery is a discipline based on surgical repair of diseases that cannot be treated with drugs or other medical methods, or healing by cutting and removing the diseased organ. The term \u201csurgery\u201d, whose origin goes back to the Latin word \u201cchirurgiae\u201d and means \u201chandiwork\u201d, is used today to treat many diseases by surgery. The Department of General Surgery, which has different fields of study, cooperates with units that have expertise in different fields such as oncology, endocrinology and traumatology. General Surgery, which is one of the areas where new generation medical applications are used most frequently, is a treatment system in which robotic technology is used extensively and successful results are obtained.<\/p>\n<h3>Which Diseases Does General Surgery Treat?<\/h3>\n<p>The organs to which the operations will be performed or the systems to which they are connected also determine which department of the General Surgery will perform the treatment. Thyroid gland (Goiter) surgeries are performed in order to eliminate the diseases that require surgical treatment of the patients of the endocrinology department. General Surgery works with more than one different department. For the treatment of digestive system diseases, operations such as esophagus, small and large intestines, stomach, rectum, liver, gall bladder are performed by General Surgery. The operations are performed with open or closed methods. Endoscopic and laparoscopic systems, which are frequently used among closed surgery methods, contribute positively to the rapid progress of postoperative recovery. Because,Breast complaints are among the important health problems that women and, in some cases, men also suffer from. Surgical removal of benign or malignant formations in the breast is among the subjects of General Surgery. General Surgery also provides a function as a preventive medicine, especially in some cases such as breast that require a follow-up process. It is essential to follow the patient with preventive medicine methods and eliminate the problem without the need for surgery.Oncology patients constitute a significant part of General Surgery patients. Tumor formations that can occur in different parts of the body are eliminated in cooperation with General Surgery and doctors specialized in the region where the relevant organ is connected. Diagnosis and treatment methods of oncology patients are planned and applied simultaneously by General Surgery and specialist doctors of the relevant department. Surgical and post-operative treatment methods continue to be carried out together with different units such as Pathology, Radiology, Medical Oncology.According to the diseases to be treated, the departments of General Surgery are as follows:\nGastrointestinal System\nAbdominal\nDigestive system\nSkin and Soft Tissue Surgery\nBreast Diseases\nEndocrine System\nSurgical Oncology\nSurgical Intensive Care\ntraumatology\nVascular Surgery\nTransplantation Surgery\nCardiac surgery\nPediatric Surgery\nPediatric Cardiovascular Surgery\nThoracic Surgery&nbsp;<\/p>\t\t\t\t\t\t\t\t<\/div>\n\t\t\t\t<\/div>\n\t\t\t\t\t<\/div>\n\t\t<\/div>\n\t\t\t\t\t<\/div>\n\t\t<\/section>\n\t\t\t\t<\/div>","protected":false},"excerpt":{"rendered":"<p>Genel Cerrahi Genel Cerrahi Nedir? Genel cerrahi, ila\u00e7 veya di\u011fer t\u0131bbi y\u00f6ntemlerle tedavi edilemeyen hastal\u0131klar\u0131n cerrahi olarak onar\u0131lmas\u0131 veya hastal\u0131kl\u0131 organ\u0131n kesilip \u00e7\u0131kar\u0131larak iyile\u015ftirilmesi esas\u0131na dayanan<span class=\"excerpt-hellip\"> [\u2026]<\/span><\/p>\n","protected":false},"author":3,"featured_media":0,"parent":0,"menu_order":0,"comment_status":"closed","ping_status":"closed","template":"elementor_header_footer","meta":{"footnotes":""},"class_list":["post-11980","page","type-page","status-publish","hentry"],"_links":{"self":[{"href":"https:\/\/www.opdrsemihyaman.com\/en\/wp-json\/wp\/v2\/pages\/11980","targetHints":{"allow":["GET"]}}],"collection":[{"href":"https:\/\/www.opdrsemihyaman.com\/en\/wp-json\/wp\/v2\/pages"}],"about":[{"href":"https:\/\/www.opdrsemihyaman.com\/en\/wp-json\/wp\/v2\/types\/page"}],"author":[{"embeddable":true,"href":"https:\/\/www.opdrsemihyaman.com\/en\/wp-json\/wp\/v2\/users\/3"}],"replies":[{"embeddable":true,"href":"https:\/\/www.opdrsemihyaman.com\/en\/wp-json\/wp\/v2\/comments?post=11980"}],"version-history":[{"count":3,"href":"https:\/\/www.opdrsemihyaman.com\/en\/wp-json\/wp\/v2\/pages\/11980\/revisions"}],"predecessor-version":[{"id":11988,"href":"https:\/\/www.opdrsemihyaman.com\/en\/wp-json\/wp\/v2\/pages\/11980\/revisions\/11988"}],"wp:attachment":[{"href":"https:\/\/www.opdrsemihyaman.com\/en\/wp-json\/wp\/v2\/media?parent=11980"}],"curies":[{"name":"wp","href":"https:\/\/api.w.org\/{rel}","templated":true}]}}